{"id":1567,"date":"2019-04-01T10:15:58","date_gmt":"2019-04-01T10:15:58","guid":{"rendered":"http:\/\/avantage.bold-themes.com\/business\/?page_id=1567"},"modified":"2021-07-22T14:45:34","modified_gmt":"2021-07-22T17:45:34","slug":"about-me","status":"publish","type":"page","link":"https:\/\/www.sccomex.srv.br\/?page_id=1567","title":{"rendered":"Quem somos"},"content":{"rendered":"<section id=\"bt_bb_section69e58baa0d32d\"  class=\"bt_bb_section bt_bb_color_scheme_1 bt_bb_layout_boxed_1200 bt_bb_vertical_align_top bt_bb_section_show_left_boxed_content bt_bb_section_with_bottom_coverage_image\" style=\";background-color:#18407c;\"><div class=\"bt_bb_port\"><div class=\"bt_bb_cell\"><div class=\"bt_bb_cell_inner\"><div class=\"bt_bb_row \"  data-bt-override-class=\"{}\"><div class=\"bt_bb_row_holder\" ><div  class=\"bt_bb_column col-xl-4 bt_bb_align_left bt_bb_vertical_align_top bt_bb_animation_fade_in animate bt_bb_padding_double btLazyLoadBackground bt_bb_column_background_image bt_bb_animation_fade_in animate\" style=\"z-index: 2;background-image:url(&#039;https:\/\/www.sccomex.srv.br\/site\/wp-content\/plugins\/bold-page-builder\/img\/blank.gif&#039;);background-position:0 50%;background-size:auto;\" data-background_image_src='https:\/\/www.sccomex.srv.br\/site\/wp-content\/uploads\/2020\/04\/bgn-gold-dots-transparent-3.png' data-width=\"4\" data-bt-override-class=\"{}\"><div class=\"bt_bb_column_content\"><div class=\"bt_bb_separator_v2 bt_bb_border_style_none bt_bb_top_spacing_medium bt_bb_bottom_spacing_large bt_bb_icon_size_normal bt_bb_text_size_normal bt_bb_separator_v2_without_content\" data-bt-override-class=\"null\"><div class=\"bt_bb_separator_v2_inner\"><span class=\"bt_bb_separator_v2_inner_before\"><\/span><span class=\"bt_bb_separator_v2_inner_content\"><span  data-ico-=\"&#x;\" class=\"bt_bb_icon_holder\"><\/span><\/span><span class=\"bt_bb_separator_v2_inner_after\"><\/span><\/div><\/div><div class=\"bt_bb_separator_v2 bt_bb_border_style_none bt_bb_bottom_spacing_large bt_bb_icon_size_normal bt_bb_text_size_normal bt_bb_separator_v2_without_content\" data-bt-override-class=\"null\"><div class=\"bt_bb_separator_v2_inner\"><span class=\"bt_bb_separator_v2_inner_before\"><\/span><span class=\"bt_bb_separator_v2_inner_content\"><span  data-ico-=\"&#x;\" class=\"bt_bb_icon_holder\"><\/span><\/span><span class=\"bt_bb_separator_v2_inner_after\"><\/span><\/div><\/div><header class=\"bt_bb_headline bt_bb_font_weight_900 bt_bb_dash_top bt_bb_superheadline bt_bb_subheadline bt_bb_size_extralarge bt_bb_align_inherit\" data-bt-override-class=\"{&quot;bt_bb_size_&quot;:{&quot;current_class&quot;:&quot;bt_bb_size_extralarge&quot;,&quot;xxl&quot;:&quot;extralarge&quot;,&quot;xl&quot;:&quot;extralarge&quot;},&quot;bt_bb_align_&quot;:{&quot;current_class&quot;:&quot;bt_bb_align_inherit&quot;,&quot;xxl&quot;:&quot;inherit&quot;,&quot;xl&quot;:&quot;inherit&quot;}}\"><h2 class=\"bt_bb_headline_tag\"><span class=\"bt_bb_headline_superheadline\">SC Comex <\/span><span class=\"bt_bb_headline_content\"><span>Despachos <b>aduaneiros<\/b><\/span><\/span><\/h2><div class=\"bt_bb_headline_subheadline\">SC Comex Despachos aduaneiros, empresa prestadora de servi\u00e7os, estabelecida na cidade de Uruguaiana, tem como seu objetivo principal, Despachos Aduaneiros em Importa\u00e7\u00e3o e Exporta\u00e7\u00e3o,<br \/>\r\nAssessoria Aduaneira.<br \/>\r\nQualificada para atender as pequenas, m\u00e9dias e grandes empresas, com profissionalismo, efici\u00eancia, honestidade, modernidade, consolidamos de forma plena todas as necessidades de nossos clientes. Operamos com Software Gestor Aduaneiro de \u00faltima gera\u00e7\u00e3o i-broker cobrindo opera\u00e7\u00f5es de importa\u00e7\u00e3o, exporta\u00e7\u00e3o.<br \/>\r\n<\/div><\/header><div class=\"bt_bb_separator_v2 bt_bb_border_style_none bt_bb_bottom_spacing_large bt_bb_icon_size_normal bt_bb_text_size_normal bt_bb_separator_v2_without_content\" data-bt-override-class=\"null\"><div class=\"bt_bb_separator_v2_inner\"><span class=\"bt_bb_separator_v2_inner_before\"><\/span><span class=\"bt_bb_separator_v2_inner_content\"><span  data-ico-=\"&#x;\" class=\"bt_bb_icon_holder\"><\/span><\/span><span class=\"bt_bb_separator_v2_inner_after\"><\/span><\/div><\/div><\/div><\/div><div  class=\"bt_bb_column col-xl-8 bt_bb_align_left bt_bb_vertical_align_bottom bt_bb_padding_normal bt_bb_mobile_align_to_both_edges\" style=\"background-color:rgba(255, 255, 255, 1);\" data-width=\"8\" data-bt-override-class=\"{}\"><div class=\"bt_bb_column_content\"><div class=\"bt_bb_image bt_bb_shape_square bt_bb_target_self bt_bb_align_inherit bt_bb_hover_style_simple bt_bb_content_display_always bt_bb_content_align_middle bt_bb_fill_background_color_full\" style=\"margin-left: -200px;\" data-bt-override-class=\"{&quot;bt_bb_align_&quot;:{&quot;current_class&quot;:&quot;bt_bb_align_inherit&quot;,&quot;xxl&quot;:&quot;inherit&quot;,&quot;xl&quot;:&quot;inherit&quot;}}\"><span><img width=\"1600\" height=\"1175\" src=\"https:\/\/www.sccomex.srv.br\/site\/wp-content\/uploads\/2021\/07\/img-about-me-3-002.jpg\" class=\"attachment-full size-full\" alt=\"https:\/\/www.sccomex.srv.br\/site\/wp-content\/uploads\/2021\/07\/img-about-me-3-002.jpg\" loading=\"lazy\" data-full_image_src=\"https:\/\/www.sccomex.srv.br\/site\/wp-content\/uploads\/2021\/07\/img-about-me-3-002.jpg\" title=\"img-about-me-3-002\" srcset=\"https:\/\/www.sccomex.srv.br\/site\/wp-content\/uploads\/2021\/07\/img-about-me-3-002.jpg 1600w, https:\/\/www.sccomex.srv.br\/site\/wp-content\/uploads\/2021\/07\/img-about-me-3-002-640x470.jpg 640w, https:\/\/www.sccomex.srv.br\/site\/wp-content\/uploads\/2021\/07\/img-about-me-3-002-1280x940.jpg 1280w, https:\/\/www.sccomex.srv.br\/site\/wp-content\/uploads\/2021\/07\/img-about-me-3-002-768x564.jpg 768w, https:\/\/www.sccomex.srv.br\/site\/wp-content\/uploads\/2021\/07\/img-about-me-3-002-1536x1128.jpg 1536w, https:\/\/www.sccomex.srv.br\/site\/wp-content\/uploads\/2021\/07\/img-about-me-3-002-320x235.jpg 320w\" sizes=\"(max-width: 1600px) 100vw, 1600px\" \/><\/span><\/div><div class=\"bt_bb_image bt_bb_shape_square bt_bb_target_self bt_bb_align_inherit bt_bb_hover_style_simple bt_bb_content_display_always bt_bb_content_align_middle bt_bb_hidden_xs bt_bb_hidden_ms bt_bb_hidden_sm bt_bb_fill_background_color_full\" style=\"position: absolute; margin-left: -200px;bottom: 0;\" data-bt-override-class=\"{}\"><span><img width=\"214\" height=\"1200\" src=\"https:\/\/www.sccomex.srv.br\/site\/wp-content\/uploads\/2020\/04\/bgn-slider-blue-corner-left-3.png\" class=\"attachment-full size-full\" alt=\"https:\/\/www.sccomex.srv.br\/site\/wp-content\/uploads\/2020\/04\/bgn-slider-blue-corner-left-3.png\" loading=\"lazy\" data-full_image_src=\"https:\/\/www.sccomex.srv.br\/site\/wp-content\/uploads\/2020\/04\/bgn-slider-blue-corner-left-3.png\" \/><\/span><\/div><div class=\"bt_bb_floating_element bt_bb_floating_element_horizontal_position_right bt_bb_floating_element_vertical_position_middle bt_bb_floating_element_animation_delay_default bt_bb_floating_element_animation_duration_default bt_bb_floating_element_animation_style_ease_out\" style=\"mix-blend-mode: hard-light; margin-right: 8em; margin-top: 5em;\" data-speed=\"1.0\"><div class=\"bt_bb_floating_element_html\" data-speed=\"1.0\"><span  style=\"width: 166px; height: 166px; border-radius: 50%; background-repeat: repeat;background-image:url(&#039;https:\/\/www.sccomex.srv.br\/site\/wp-content\/uploads\/2020\/04\/bgn-gold-stripes-3.png&#039;);\"><\/span><\/div><\/div><\/div><\/div><\/div><\/div><\/div><\/div><\/div><div class=\"bt_bb_section_bottom_section_coverage_image\"><img src=\"https:\/\/www.sccomex.srv.br\/site\/wp-content\/uploads\/2020\/04\/white-curve-bottom-right-large-3.png\" alt=\"bt_bb_section_bottom_section_coverage_image\" \/><\/div><\/section><section id=\"bt_bb_section69e58baa0ee93\" data-parallax=\"0.8\" data-parallax-offset=\"350\" class=\"bt_bb_section bt_bb_top_spacing_large bt_bb_bottom_spacing_medium bt_bb_layout_boxed_1200 bt_bb_vertical_align_top bt_bb_parallax bt_bb_section_show_left_boxed_content\" ><div class=\"bt_bb_port\"><div class=\"bt_bb_cell\"><div class=\"bt_bb_cell_inner\"><div class=\"bt_bb_row \"  data-bt-override-class=\"{}\"><div class=\"bt_bb_row_holder\" ><div  class=\"bt_bb_column col-xl-6 bt_bb_align_left bt_bb_vertical_align_middle bt_bb_animation_fade_in move_up animate bt_bb_padding_normal bt_bb_animation_fade_in bt_bb_animation_move_up animate\"  data-width=\"6\" data-bt-override-class=\"{}\"><div class=\"bt_bb_column_content\"><div class=\"bt_bb_floating_element bt_bb_floating_element_horizontal_position_left bt_bb_floating_element_vertical_position_top bt_bb_floating_element_animation_delay_default bt_bb_floating_element_animation_duration_default bt_bb_floating_element_animation_style_ease_out\" style=\"margin: 6em 0 0 6vw;\" data-speed=\"1.0\"><div class=\"bt_bb_floating_element_html\" data-speed=\"1.0\"><span  style=\"width: 110px; height: 110px; border-radius: 50%; box-shadow: 0 1.25em 4.5em rgba(0,0,0,.1);background-color: rgba(255, 255, 255, 1);\"><\/span><\/div><\/div><header class=\"bt_bb_headline bt_bb_font_weight_900 bt_bb_dash_top bt_bb_superheadline bt_bb_superheadline_outside bt_bb_subheadline bt_bb_size_extralarge bt_bb_align_inherit\" data-bt-override-class=\"{&quot;bt_bb_size_&quot;:{&quot;current_class&quot;:&quot;bt_bb_size_extralarge&quot;,&quot;xxl&quot;:&quot;extralarge&quot;,&quot;xl&quot;:&quot;extralarge&quot;},&quot;bt_bb_align_&quot;:{&quot;current_class&quot;:&quot;bt_bb_align_inherit&quot;,&quot;xxl&quot;:&quot;inherit&quot;,&quot;xl&quot;:&quot;inherit&quot;}}\"><div class=\"bt_bb_headline_superheadline_outside\"><span class=\"bt_bb_headline_superheadline\">Despachos Aduaneiros de forma eficiente<\/span><\/div><h2 class=\"bt_bb_headline_tag\"><span class=\"bt_bb_headline_content\"><span><b>Exporta\u00e7\u00e3o<\/b><br \/>\r\n<u>Importa\u00e7\u00e3o<\/u><\/span><\/span><\/h2><div class=\"bt_bb_headline_subheadline\">Qualificada para atender as pequenas, m\u00e9dias e grandes empresas, com profissionalismo, efici\u00eancia, honestidade e modernidade.<\/div><\/header><div class=\"bt_bb_separator_v2 bt_bb_border_style_none bt_bb_bottom_spacing_medium bt_bb_icon_size_normal bt_bb_text_size_normal bt_bb_separator_v2_without_content bt_bb_hidden_md bt_bb_hidden_lg\" data-bt-override-class=\"null\"><div class=\"bt_bb_separator_v2_inner\"><span class=\"bt_bb_separator_v2_inner_before\"><\/span><span class=\"bt_bb_separator_v2_inner_content\"><span  data-ico-=\"&#x;\" class=\"bt_bb_icon_holder\"><\/span><\/span><span class=\"bt_bb_separator_v2_inner_after\"><\/span><\/div><\/div><\/div><\/div><div  class=\"bt_bb_column col-xl-6 bt_bb_align_left bt_bb_vertical_align_middle bt_bb_animation_fade_in animate bt_bb_padding_normal bt_bb_column_background_image bt_bb_mobile_align_to_both_edges bt_bb_animation_fade_in animate\" style=\"background-image:url(&#039;https:\/\/www.sccomex.srv.br\/site\/wp-content\/uploads\/2020\/04\/bgn-gold-circle-3.png&#039;);background-position:94% 78%;background-size:auto;\" data-width=\"6\" data-bt-override-class=\"{}\"><div class=\"bt_bb_column_content\"><div class=\"bt_bb_floating_element bt_bb_floating_element_horizontal_position_right bt_bb_floating_element_vertical_position_bottom bt_bb_floating_element_animation_delay_default bt_bb_floating_element_animation_duration_default bt_bb_floating_element_animation_style_ease_out\" style=\"margin-right: 9.4vw;\" data-speed=\"1.0\"><div class=\"bt_bb_floating_element_html\" data-speed=\"1.0\"><span  style=\"width: 140px; height: 140px; border-radius: 50%; background-repeat: repeat;background-image:url(&#039;https:\/\/www.sccomex.srv.br\/site\/wp-content\/uploads\/2020\/04\/bgn-blue-stripes-3.png&#039;);\"><\/span><\/div><\/div><div class=\"bt_bb_floating_element bt_bb_floating_element_horizontal_position_right bt_bb_floating_element_vertical_position_top bt_bb_floating_element_animation_delay_default bt_bb_floating_element_animation_duration_default bt_bb_floating_element_animation_style_ease_out\" style=\"margin-right: 6.7vw;\" data-speed=\"1.0\"><div class=\"bt_bb_floating_element_html\" data-speed=\"1.0\"><span  style=\"width: 17px; height: 17px; border-radius: 50%;background-color: rgba(204, 184, 146, 1);\"><\/span><\/div><\/div><div class=\"bt_bb_image bt_bb_shape_square bt_bb_target_self bt_bb_align_inherit bt_bb_hover_style_simple bt_bb_content_display_always bt_bb_content_align_middle bt_bb_fill_background_color_full\" style=\"max-width: 680px; position: relative; border-radius: 6.25em 0;\" data-bt-override-class=\"{&quot;bt_bb_align_&quot;:{&quot;current_class&quot;:&quot;bt_bb_align_inherit&quot;,&quot;xxl&quot;:&quot;inherit&quot;,&quot;xl&quot;:&quot;inherit&quot;}}\"><span><img width=\"2048\" height=\"1369\" src=\"https:\/\/www.sccomex.srv.br\/site\/wp-content\/uploads\/2021\/07\/blog-post-17-3-001.jpg\" class=\"attachment-full size-full\" alt=\"https:\/\/www.sccomex.srv.br\/site\/wp-content\/uploads\/2021\/07\/blog-post-17-3-001.jpg\" loading=\"lazy\" data-full_image_src=\"https:\/\/www.sccomex.srv.br\/site\/wp-content\/uploads\/2021\/07\/blog-post-17-3-001.jpg\" title=\"blog-post-17-3-001\" srcset=\"https:\/\/www.sccomex.srv.br\/site\/wp-content\/uploads\/2021\/07\/blog-post-17-3-001.jpg 2048w, https:\/\/www.sccomex.srv.br\/site\/wp-content\/uploads\/2021\/07\/blog-post-17-3-001-640x428.jpg 640w, https:\/\/www.sccomex.srv.br\/site\/wp-content\/uploads\/2021\/07\/blog-post-17-3-001-1280x856.jpg 1280w, https:\/\/www.sccomex.srv.br\/site\/wp-content\/uploads\/2021\/07\/blog-post-17-3-001-768x513.jpg 768w, https:\/\/www.sccomex.srv.br\/site\/wp-content\/uploads\/2021\/07\/blog-post-17-3-001-1536x1027.jpg 1536w, https:\/\/www.sccomex.srv.br\/site\/wp-content\/uploads\/2021\/07\/blog-post-17-3-001-320x214.jpg 320w\" sizes=\"(max-width: 2048px) 100vw, 2048px\" \/><\/span><\/div><\/div><\/div><\/div><\/div><\/div><\/div><\/div><\/section>","protected":false},"excerpt":{"rendered":"<p>Efficiently unleash cross-media information without cross-media value. Quickly maximize timely deliverables for real-time schemas. Dramatically maintain clicks-and-mortar solutions without functional solutions.<\/p>\n","protected":false},"author":2,"featured_media":0,"parent":0,"menu_order":0,"comment_status":"closed","ping_status":"closed","template":"","meta":[],"_links":{"self":[{"href":"https:\/\/www.sccomex.srv.br\/index.php?rest_route=\/wp\/v2\/pages\/1567"}],"collection":[{"href":"https:\/\/www.sccomex.srv.br\/index.php?rest_route=\/wp\/v2\/pages"}],"about":[{"href":"https:\/\/www.sccomex.srv.br\/index.php?rest_route=\/wp\/v2\/types\/page"}],"author":[{"embeddable":true,"href":"https:\/\/www.sccomex.srv.br\/index.php?rest_route=\/wp\/v2\/users\/2"}],"replies":[{"embeddable":true,"href":"https:\/\/www.sccomex.srv.br\/index.php?rest_route=%2Fwp%2Fv2%2Fcomments&post=1567"}],"version-history":[{"count":11,"href":"https:\/\/www.sccomex.srv.br\/index.php?rest_route=\/wp\/v2\/pages\/1567\/revisions"}],"predecessor-version":[{"id":3232,"href":"https:\/\/www.sccomex.srv.br\/index.php?rest_route=\/wp\/v2\/pages\/1567\/revisions\/3232"}],"wp:attachment":[{"href":"https:\/\/www.sccomex.srv.br\/index.php?rest_route=%2Fwp%2Fv2%2Fmedia&parent=1567"}],"curies":[{"name":"wp","href":"https:\/\/api.w.org\/{rel}","templated":true}]}}